{"id":593,"date":"2019-01-30T23:01:35","date_gmt":"2019-01-30T14:01:35","guid":{"rendered":"http:\/\/aozora-kenbun.com\/?page_id=593"},"modified":"2019-07-30T16:36:10","modified_gmt":"2019-07-30T07:36:10","slug":"http-aozora-kenbun-com-checkout","status":"publish","type":"page","link":"http:\/\/aozora-kenbun.com\/en\/http-aozora-kenbun-com-checkout\/","title":{"rendered":"Gifu Tour: Un assaggio del Giappone medioevale. Cultura paesaggi e sapori della prefettura Gifu"},"content":{"rendered":"<p><strong><em>PROSSIMA STAGIONE WORK IN PROGRESS !<\/em><\/strong> SAREMO OPERATIVI DA OTTOBRE 2019<\/p>\n\n\n\n<p><p>Programma<\/p>\n\n\n\n<ul><li>Tour di 3 giorni <\/li><li><span style=\"vertical-align: inherit;\"><span style=\"vertical-align: inherit;\"><span style=\"vertical-align: inherit;\"><span style=\"vertical-align: inherit;\"><span style=\"vertical-align: inherit;\"><font style=\"vertical-align: inherit;\"><font style=\"vertical-align: inherit;\">Visita al villaggio di Higashi-Shirakawa: campi di riso e di t\u00e8<\/font><\/font><\/span><\/span><\/span><\/span><\/span><\/li><li><span style=\"font-weight: 400;\"><span style=\"vertical-align: inherit;\"><span style=\"vertical-align: inherit;\"><span style=\"vertical-align: inherit;\"><span style=\"vertical-align: inherit;\"><span style=\"vertical-align: inherit;\"><font style=\"vertical-align: inherit;\"><font style=\"vertical-align: inherit;\">Preparazione del t\u00e8 in stile giapponese<\/font><\/font><\/span><\/span><\/span><\/span><\/span><\/span><\/li><li><span style=\"font-weight: 400;\"><span style=\"vertical-align: inherit;\"><span style=\"vertical-align: inherit;\"><span style=\"vertical-align: inherit;\"><span style=\"vertical-align: inherit;\"><span style=\"vertical-align: inherit;\"><font style=\"vertical-align: inherit;\"><font style=\"vertical-align: inherit;\">Visita all&#8217;antica citt\u00e0 di Takayama<\/font><\/font><\/span><\/span><\/span><\/span><\/span><\/span><\/li><li><span style=\"font-weight: 400;\"><span style=\"vertical-align: inherit;\"><span style=\"vertical-align: inherit;\"><span style=\"vertical-align: inherit;\"><span style=\"vertical-align: inherit;\"><span style=\"vertical-align: inherit;\"><font style=\"vertical-align: inherit;\"><font style=\"vertical-align: inherit;\">Sessione di &#8220;Shodo&#8221;, lezione di calligrafia giapponese<\/font><\/font><\/span><\/span><\/span><\/span><\/span><\/span><\/li><li><span style=\"font-weight: 400;\"><span style=\"vertical-align: inherit;\"><span style=\"vertical-align: inherit;\"><span style=\"vertical-align: inherit;\"><span style=\"vertical-align: inherit;\"><span style=\"vertical-align: inherit;\"><font style=\"vertical-align: inherit;\"><font style=\"vertical-align: inherit;\">Visita al santuario Kanda e partecipazione ad un rituale Shintoista<\/font><\/font><\/span><\/span><\/span><\/span><\/span><\/span><\/li><li><span style=\"font-weight: 400;\"><span style=\"vertical-align: inherit;\"><span style=\"vertical-align: inherit;\"><span style=\"vertical-align: inherit;\"><span style=\"vertical-align: inherit;\"><span style=\"vertical-align: inherit;\"><font style=\"vertical-align: inherit;\"><font style=\"vertical-align: inherit;\"><font style=\"vertical-align: inherit;\"><font style=\"vertical-align: inherit;\">Visita al castello di Inuyama<\/font><\/font><\/font><\/font><\/span><\/span><\/span><\/span><\/span><\/span><\/li><li>Ritorno alla stazione di Nagoya. Fine del tour<\/li><\/ul>\n\n\n\n<hr class=\"wp-block-separator\"\/>\n\n\n\n<h2 class=\"wp-block-heading\"><strong>Higashi-Shirakawa<\/strong> \u00e8 un piccolo villaggio tra le montagne nel cuore della prefettura di Gifu.  <\/h2>\n\n\n\n<figure class=\"wp-block-image is-resized\"><img loading=\"lazy\" decoding=\"async\" src=\"http:\/\/aozora-kenbun.com\/wp-content\/uploads\/2019\/04\/maxresdefault-1024x576.jpg\" alt=\"\" class=\"wp-image-1007\" width=\"960\" height=\"720\"\/><figcaption> <br><strong><em>Basa la sua economia principalmente sulla coltivazione di riso e t\u00e8.<\/em><\/strong><em> <\/em><\/figcaption><\/figure>\n\n\n\n<p><strong>Nonostante i moderni metodi di coltivazione, il riso \u00e8 ancora coltivato secondo l&#8217;antica tradizione giapponese.<\/strong> <strong><em>Ma per quale motivo la coltivazione del riso e la cura della natura sono cos\u00ec importanti per il popolo giapponese ?<\/em><\/strong> Sebbene in Giappone sia estremamente comune trovare templi buddhisti assieme a santuari shitoisti Higashi Shirakwa \u00e8 uno dei pochi luoghi, in Giappone, in cui l&#8217;unica religione \u00e8 lo Shinto. Pi\u00f9 che una religione sarebbe pi\u00f9 corretto definire lo Shinto come un modo di vivere. In tutto ci\u00f2 che in natura esiste \u00e8 presente un &#8220;Kami&#8221; (divinit\u00e0). L&#8217;uomo in quando abitante, anche egli, della natura \u00e8 tenuto a rispettare questo Kami e proteggere il luogo in cui risiede. In cambio la divinit\u00e0 restituir\u00e0 all&#8217;uomo i prodotti della terra, nel caso ci si riferisca a divinit\u00e0 naturali, oppure protezione, buona sorte e cos\u00ec via.  E&#8217; proprio dallo Shinto che deriva il concetto, cos\u00ec forte qui in Giappone, di rispetto verso l&#8217;altro. <\/p>\n\n\n\n<figure class=\"wp-block-image is-resized\"><img loading=\"lazy\" decoding=\"async\" src=\"http:\/\/aozora-kenbun.com\/wp-content\/uploads\/2019\/06\/shutterstock_320019449-700x467.jpg\" alt=\"\" class=\"wp-image-1575\" width=\"900\" height=\"720\"\/><figcaption> Agli albori della civilt\u00e0 giapponese fu non altri che l&#8217;imperatore, discendente di Amaterasu divinit\u00e0 fondatrice del Giappone, ad originare la tradizione della coltivazione del riso. Tutti erano tenuti a coltivarlo, non era un compito esclusivo dei contadini. Il mito vuole che il pensiero dell&#8217;imperatore fosse che se ognuno di noi coltiva il riso sar\u00e0 in grado di mangiare e non ci saranno conflitti. In questo modo sar\u00e0 possibile costruire una nazione solida.  <\/figcaption><\/figure>\n\n\n\n<figure class=\"wp-block-image\"><img loading=\"lazy\" decoding=\"async\" width=\"960\" height=\"720\" src=\"http:\/\/aozora-kenbun.com\/wp-content\/uploads\/2019\/02\/18881834_1904018413217389_2926093023746867256_n-1.jpg\" alt=\"\" class=\"wp-image-768\" srcset=\"http:\/\/aozora-kenbun.com\/wp-content\/uploads\/2019\/02\/18881834_1904018413217389_2926093023746867256_n-1.jpg 960w, http:\/\/aozora-kenbun.com\/wp-content\/uploads\/2019\/02\/18881834_1904018413217389_2926093023746867256_n-1-300x225.jpg 300w, http:\/\/aozora-kenbun.com\/wp-content\/uploads\/2019\/02\/18881834_1904018413217389_2926093023746867256_n-1-768x576.jpg 768w\" sizes=\"(max-width: 709px) 85vw, (max-width: 909px) 67vw, (max-width: 1362px) 62vw, 840px\" \/><\/figure>\n\n\n\n<p><strong>Tutto \u00e8 fatto a mano, dalla semina alla raccolta, senza l&#8217;uso di macchinari o fertilizzanti chimici, rendendo le sue risaie tra le pi\u00f9 caratteristiche della nazione.<\/strong><\/p>\n\n\n\n<figure class=\"wp-block-image\"><img loading=\"lazy\" decoding=\"async\" width=\"960\" height=\"720\" src=\"http:\/\/aozora-kenbun.com\/wp-content\/uploads\/2018\/09\/image-38.png\" alt=\"\" class=\"wp-image-379\" srcset=\"http:\/\/aozora-kenbun.com\/wp-content\/uploads\/2018\/09\/image-38.png 960w, http:\/\/aozora-kenbun.com\/wp-content\/uploads\/2018\/09\/image-38-300x225.png 300w, http:\/\/aozora-kenbun.com\/wp-content\/uploads\/2018\/09\/image-38-768x576.png 768w\" sizes=\"(max-width: 709px) 85vw, (max-width: 909px) 67vw, (max-width: 1362px) 62vw, 840px\" \/><\/figure>\n\n\n\n<p><strong><em>Il fiume Shirakawa<\/em><\/strong><em> ha sempre accompagnato la vita degli abitanti del villaggio. <\/em><\/p>\n\n\n\n<figure class=\"wp-block-image is-resized\"><img loading=\"lazy\" decoding=\"async\" src=\"http:\/\/aozora-kenbun.com\/wp-content\/uploads\/2019\/04\/\u30e1\u30bf\uff09\u4e94\u52a0\u5730\u533a\u3000\u5357\u5317\u6a4b\u306e\u7d05\u8449\uff08\u6771\u767d\u5ddd\u6751\uff1a\u79cb\uff09-1-1024x384.jpg\" alt=\"\" class=\"wp-image-1017\" width=\"960\" height=\"720\"\/><figcaption>Nel corso dei millenni gli assestamenti della crosta terreste hanno dato vita al fiume Shirakawa e al suo fratello maggiore, in cui sfocia, il fiume Hida. Le rocce scoscese avvolte da una natura ancor&#8217;oggi incontaminata rappresentano uno dei tesori della prefettura di Gifu. <\/figcaption><\/figure>\n\n\n\n<p><em>In primavera il paesaggio \u00e8 arricchito da bellissimi alberi di ciliegio, il simbolo della primavera in Giappone.<\/em><\/p>\n\n\n\n<figure class=\"wp-block-image\"><img loading=\"lazy\" decoding=\"async\" width=\"960\" height=\"720\" src=\"http:\/\/aozora-kenbun.com\/wp-content\/uploads\/2019\/04\/20180419_084208-2.png\" alt=\"\" class=\"wp-image-1018\" srcset=\"http:\/\/aozora-kenbun.com\/wp-content\/uploads\/2019\/04\/20180419_084208-2.png 960w, http:\/\/aozora-kenbun.com\/wp-content\/uploads\/2019\/04\/20180419_084208-2-300x225.png 300w, http:\/\/aozora-kenbun.com\/wp-content\/uploads\/2019\/04\/20180419_084208-2-768x576.png 768w\" sizes=\"(max-width: 709px) 85vw, (max-width: 909px) 67vw, (max-width: 1362px) 62vw, 840px\" \/><\/figure>\n\n\n\n<hr class=\"wp-block-separator\"\/>\n\n\n\n<p><span style=\"vertical-align: inherit;\"><span style=\"vertical-align: inherit;\"><strong>Alcuni dicono che il segreto dietro la longevit\u00e0 dei giapponesi sia proprio la loro abitudine di bere il t\u00e8. Impossibile dire se sia vero o no, ma da sempre gustare del buon t\u00e8 verde preparato e servito secondo la tradizione giapponese \u00e8 un ottimo modo per rilassarsi qui, nella terra del Sol Levante.&nbsp;&nbsp;<\/strong><\/span><\/span><\/p>\n\n\n\n<figure class=\"wp-block-image\"><img loading=\"lazy\" decoding=\"async\" width=\"960\" height=\"540\" src=\"http:\/\/aozora-kenbun.com\/wp-content\/uploads\/2019\/02\/1000902_579236022121170_695759464_n.jpg\" alt=\"\" class=\"wp-image-777\" srcset=\"http:\/\/aozora-kenbun.com\/wp-content\/uploads\/2019\/02\/1000902_579236022121170_695759464_n.jpg 960w, http:\/\/aozora-kenbun.com\/wp-content\/uploads\/2019\/02\/1000902_579236022121170_695759464_n-300x169.jpg 300w, http:\/\/aozora-kenbun.com\/wp-content\/uploads\/2019\/02\/1000902_579236022121170_695759464_n-768x432.jpg 768w\" sizes=\"(max-width: 709px) 85vw, (max-width: 909px) 67vw, (max-width: 1362px) 62vw, 840px\" \/><\/figure>\n\n\n\n<p><em>Meglio ancora quando puoi gustare un prodotto locale !<\/em> <\/p>\n\n\n\n<figure class=\"wp-block-image\"><img loading=\"lazy\" decoding=\"async\" width=\"1024\" height=\"768\" src=\"http:\/\/aozora-kenbun.com\/wp-content\/uploads\/2019\/02\/P1030234-1024x768.jpg\" alt=\"\" class=\"wp-image-788\" srcset=\"http:\/\/aozora-kenbun.com\/wp-content\/uploads\/2019\/02\/P1030234-1024x768.jpg 1024w, http:\/\/aozora-kenbun.com\/wp-content\/uploads\/2019\/02\/P1030234-300x225.jpg 300w, http:\/\/aozora-kenbun.com\/wp-content\/uploads\/2019\/02\/P1030234-768x576.jpg 768w, http:\/\/aozora-kenbun.com\/wp-content\/uploads\/2019\/02\/P1030234-1200x900.jpg 1200w, http:\/\/aozora-kenbun.com\/wp-content\/uploads\/2019\/02\/P1030234.jpg 2048w\" sizes=\"(max-width: 709px) 85vw, (max-width: 909px) 67vw, (max-width: 1362px) 62vw, 840px\" \/><\/figure>\n\n\n\n<p><a href=\"http:\/\/aozora-kenbun.com\/wp-content\/uploads\/2019\/01\/20180514_132133.jpg\"><\/a><\/p>\n\n\n\n<h2 class=\"wp-block-heading\"><span style=\"vertical-align: inherit;\"><span style=\"vertical-align: inherit;\"><strong>Takayama<\/strong>, situata in Hida, regione al nord della prefettura di Gifu, \u00e8 una cittadina pulsante e ricca di vita. &#8220;\u6728\u306e\u6587\u5316&#8221;(Ki no Bunka)- letteralmente cultura del legno- \u00e8 la parola d&#8217;ordine quando si visita Takayama. Fin dall&#8217;antica epoca di Nara (710 d.C.) le tecniche di scultura del legno sono state perfezionate in questa citt\u00e0 avvolta dalle montagne. Non \u00e8 raro vedere anche in templi famosi, come quelli di Kyoto, strutture o statue di legno realizzate a Takayama. <\/span><\/span><\/h2>\n\n\n\n<figure class=\"wp-block-image is-resized\"><img loading=\"lazy\" decoding=\"async\" src=\"http:\/\/aozora-kenbun.com\/wp-content\/uploads\/2019\/04\/taka-1-1024x683.jpg\" alt=\"\" class=\"wp-image-1019\" width=\"960\" height=\"720\"\/><\/figure>\n\n\n\n<figure class=\"wp-block-image is-resized\"><img loading=\"lazy\" decoding=\"async\" src=\"http:\/\/aozora-kenbun.com\/wp-content\/uploads\/2019\/04\/taka-2-1024x683.jpg\" alt=\"\" class=\"wp-image-1020\" width=\"960\" height=\"720\"\/><figcaption>La citt\u00e0 di Takayama, famosa in tutto il Giappone per l&#8217;artigianato del legno, organizza due volte l&#8217;anno, in primavera ed in autunno il &#8220;matsuri&#8221; di Takayama. Una festivit\u00e0 locale in cui si ringraziano le divinit\u00e0 per l&#8217;arrivo della primavera e dell&#8217;autunno. Simbolo del festival \u00e8 il carro di legno &#8220;Yatai&#8221;, orgoglio degli artigiani di Takayama.<\/figcaption><\/figure>\n\n\n\n<p><em>L&#8217;economia della citt\u00e0 \u00e8 sempre stata incentrata sul commercio garantendo nel corso dei secoli una notevole ricchezza ai sui cittadini. L&#8217;attrazione principale \u00e8 sicuramente costituita del suo quartiere antico <br>(\u5e02\u5185-shinai)  che ha mantenuto le caratteristiche delle citt\u00e0 di epoca Edo (1603-1868).<\/em><\/p>\n\n\n\n<figure class=\"wp-block-image\"><img loading=\"lazy\" decoding=\"async\" width=\"960\" height=\"720\" src=\"http:\/\/aozora-kenbun.com\/wp-content\/uploads\/2019\/04\/Sanmachi_Takayama_201706.png\" alt=\"\" class=\"wp-image-1023\" srcset=\"http:\/\/aozora-kenbun.com\/wp-content\/uploads\/2019\/04\/Sanmachi_Takayama_201706.png 960w, http:\/\/aozora-kenbun.com\/wp-content\/uploads\/2019\/04\/Sanmachi_Takayama_201706-300x225.png 300w, http:\/\/aozora-kenbun.com\/wp-content\/uploads\/2019\/04\/Sanmachi_Takayama_201706-768x576.png 768w\" sizes=\"(max-width: 709px) 85vw, (max-width: 909px) 67vw, (max-width: 1362px) 62vw, 840px\" \/><\/figure>\n\n\n\n<figure class=\"wp-block-image\"><img loading=\"lazy\" decoding=\"async\" width=\"960\" height=\"720\" src=\"http:\/\/aozora-kenbun.com\/wp-content\/uploads\/2019\/02\/20180514_125909.jpg\" alt=\"\" class=\"wp-image-819\" srcset=\"http:\/\/aozora-kenbun.com\/wp-content\/uploads\/2019\/02\/20180514_125909.jpg 960w, http:\/\/aozora-kenbun.com\/wp-content\/uploads\/2019\/02\/20180514_125909-300x225.jpg 300w, http:\/\/aozora-kenbun.com\/wp-content\/uploads\/2019\/02\/20180514_125909-768x576.jpg 768w\" sizes=\"(max-width: 709px) 85vw, (max-width: 909px) 67vw, (max-width: 1362px) 62vw, 840px\" \/><\/figure>\n\n\n\n<h2 class=\"wp-block-heading\"><strong>Il castello di Inuyama<\/strong> <br>(1440) E\u2019&nbsp;il pi\u00f9 antico castello del Giappone e uno dei quattro designati tesoro nazionale e patrimonio dell&#8217;UNESCO <\/h2>\n\n\n\n<figure class=\"wp-block-image is-resized\"><img loading=\"lazy\" decoding=\"async\" src=\"http:\/\/aozora-kenbun.com\/wp-content\/uploads\/2019\/04\/inuyama-castle-1024x717.jpg\" alt=\"\" class=\"wp-image-1024\" width=\"960\" height=\"720\"\/><\/figure>\n\n\n\n<p>\u3000\u3000\u3000\u3000<\/p>\n\n\n\n<p>Il tour \u00e8 articolato in 3 giorni. Vi accompagneremo nella prefettura di Gifu nel centro del Giappone. Visiteremo il villaggio rurale di Higashi-Shirakawa, Takayama ed Inuyama con il suo bellissimo castello patrimonio dell&#8217;UNESCO.<\/p>\n\n\n\n<p><strong>Sebbene il punto di ritrovo sia indicato sul programma, in sede di prenotazione verranno fornite informazioni dettagliate su come raggiungerci.<\/strong> <\/p>\n\n\n\n<p><strong>TAPPE:&nbsp;<\/strong><\/p>\n\n\n\n<p>Higashi-Shirakawa, Takayama, Inuyama, Stazione di Nagoya<\/p>\n\n\n\n<p><strong>DURATA: 3<\/strong> &nbsp;giorni \/ 2 notti<\/p>\n\n\n\n<p><strong>PARTENZE:&nbsp;<\/strong> Ogni mese da Marzo a Novembre.  Minimo 8 persone, massimo 20<\/p>\n\n\n\n<p>*E&#8217; possibile prenotare anche in numero minore, ma in tal caso verr\u00e0 preparato un piano personale dato che il prezzo del tour \u00e8 deciso considerando 8 partecipanti <\/p>\n\n\n\n<p>Programma:<\/p>\n\n\n\n<p>Primo giorno<\/p>\n\n\n\n<p>11 : 00 Arrivo alla stazione di <strong>JR Mino-\u014cta Station<\/strong>&nbsp;(\u7f8e\u6fc3\u592a\u7530\u99c5&nbsp;<em>Mino-\u014cta-eki<\/em>)  <br><strong>*La stazione \u00e8 raggiungibile comodamente dalle stazioni di JR Kyoto e JR Nagoya<\/strong> <strong>utilizzando il JR pass<\/strong>   <\/p>\n\n\n\n<p>12:00 Dopo esserci riuniti alla stazione andremo a pranzare&nbsp;<\/p>\n\n\n\n<p>13: 00 check-in&nbsp;<\/p>\n\n\n\n<p>14: 00 dimostrazione della preparazione del t\u00e8 in stile giapponese&nbsp;<\/p>\n\n\n\n<p>14: 20 degustazione del t\u00e9<\/p>\n\n\n\n<p>15:00 visita ai campi di riso e di t\u00e9  con la possibilit\u00e0 (non obbligatoria), a seconda della stagione, di sperimentare in prima persona la coltivazione del riso in stile giapponese.  <\/p>\n\n\n\n<p>17: 30 cena al ristorante locale a base di &#8220;key chan&#8221;, metodo di preparazione del pollo tradizionale della prefettura di Gifu<\/p>\n\n\n\n<p>19: 00 ritorno in albergo \/ cottage \/ ryokan &#8211; tempo libero<\/p>\n\n\n\n<p>Secondo Giorno<\/p>\n\n\n\n<p>07: 00 sveglia e colazione<\/p>\n\n\n\n<p>08: 00 Partenza verso Takayama<\/p>\n\n\n\n<p>10: 00 Visita al quartiere antico di Takayama&nbsp;<\/p>\n\n\n\n<p>13: 00 corso di &#8220;Shodo&#8221; calligrafia giapponese<\/p>\n\n\n\n<p>15: 00 tempo libero in Takayama<\/p>\n\n\n\n<p>17: 00 cena a base di manzo di Hida, rinomata carne della prefettura<\/p>\n\n\n\n<p>18: 30 partenza da Takayama<\/p>\n\n\n\n<p>20: 30 ritorno in albergo \/ cottage \/ ryokan &#8211; tempo libero<\/p>\n\n\n\n<p>Terzo Giorno<\/p>\n\n\n\n<p>07: 00 sveglia e colazione<\/p>\n\n\n\n<p>09: 30 check-out<\/p>\n\n\n\n<p>10: 00 visita al santuario di Kanda. Dopo la visita assisteremo ad una autentica cerimonia shintoista&nbsp;<\/p>\n\n\n\n<p>12: 00 Arrivo ad Inuyama e pranzo<\/p>\n\n\n\n<p>13: 00 Visita al castello di Inuyama<\/p>\n\n\n\n<p>15: 00 partenza per la stazione di Nagoya<\/p>\n\n\n\n<p>16:00 Arrivo alla stazione centrale di Nagoya, fine del tour<\/p>\n\n\n\n<p>Oggetti utili da portare:<\/p>\n\n\n\n<ul><li> Acqua <\/li><li>Cappello<\/li><li> Asciugamano&nbsp;<\/li><li>Spray repellente per insetti ecc. (Estate)<\/li><li>Abiti comodi in caso si voglia provare a coltivare il riso<\/li><\/ul>\n\n\n\n<p>La tariffa comprende:<\/p>\n\n\n\n<ul><li>Servizio di pick-up alla stazione all&#8217;arrivo<\/li><li>Spostamenti in bus privato per tutta la durata del tour<\/li><li><strong>PASTI INCLUSI:<\/strong> 1 pranzo e 2 cene<\/li><li>2 pernottamenti in cottage\/ryokan in Higashi-Shirakawa<\/li><li>Tour leader italiano che affiancher\u00e0 il personale giapponese e vi accompagner\u00e0 per tutta la durata del tour<\/li><li>Lezione di calligrafia giapponese<\/li><li>Rituale shintoista al santuario<\/li><li>Visita guidata ai campi di riso e di t\u00e8 di Higashi-Shirakawa<\/li><li>Accompagnamento alla stazione di Nagoya alla fine del tour<\/li><\/ul>\n\n\n\n<hr class=\"wp-block-separator\"\/>","protected":false},"excerpt":{"rendered":"<p>PROSSIMA STAGIONE WORK IN PROGRESS ! SAREMO OPERATIVI D &hellip; <a href=\"http:\/\/aozora-kenbun.com\/en\/http-aozora-kenbun-com-checkout\/\" class=\"more-link\">Continue reading<span class=\"screen-reader-text\"> &#8220;Gifu Tour: Un assaggio del Giappone medioevale. Cultura paesaggi e sapori della prefettura Gifu&#8221;<\/span><\/a><\/p>","protected":false},"author":1,"featured_media":596,"parent":0,"menu_order":0,"comment_status":"closed","ping_status":"closed","template":"","meta":{"footnotes":""},"folder":[48],"_links":{"self":[{"href":"http:\/\/aozora-kenbun.com\/en\/wp-json\/wp\/v2\/pages\/593"}],"collection":[{"href":"http:\/\/aozora-kenbun.com\/en\/wp-json\/wp\/v2\/pages"}],"about":[{"href":"http:\/\/aozora-kenbun.com\/en\/wp-json\/wp\/v2\/types\/page"}],"author":[{"embeddable":true,"href":"http:\/\/aozora-kenbun.com\/en\/wp-json\/wp\/v2\/users\/1"}],"replies":[{"embeddable":true,"href":"http:\/\/aozora-kenbun.com\/en\/wp-json\/wp\/v2\/comments?post=593"}],"version-history":[{"count":101,"href":"http:\/\/aozora-kenbun.com\/en\/wp-json\/wp\/v2\/pages\/593\/revisions"}],"predecessor-version":[{"id":1665,"href":"http:\/\/aozora-kenbun.com\/en\/wp-json\/wp\/v2\/pages\/593\/revisions\/1665"}],"wp:featuredmedia":[{"embeddable":true,"href":"http:\/\/aozora-kenbun.com\/en\/wp-json\/wp\/v2\/media\/596"}],"wp:attachment":[{"href":"http:\/\/aozora-kenbun.com\/en\/wp-json\/wp\/v2\/media?parent=593"}],"wp:term":[{"taxonomy":"folder","embeddable":true,"href":"http:\/\/aozora-kenbun.com\/en\/wp-json\/wp\/v2\/folder?post=593"}],"curies":[{"name":"wp","href":"https:\/\/api.w.org\/{rel}","templated":true}]}}