{"id":2217,"date":"2020-06-07T15:51:16","date_gmt":"2020-06-07T06:51:16","guid":{"rendered":"http:\/\/aozora-kenbun.com\/?page_id=2217"},"modified":"2020-08-05T15:26:58","modified_gmt":"2020-08-05T06:26:58","slug":"formulaire-de-reservation","status":"publish","type":"page","link":"https:\/\/aozora-kenbun.com\/en\/formulaire-de-reservation\/","title":{"rendered":"Satoyama Route : Formulaire de r\u00e9servation"},"content":{"rendered":"<figure class=\"wp-block-image\"><img loading=\"lazy\" decoding=\"async\" width=\"960\" height=\"300\" src=\"http:\/\/aozora-kenbun.com\/wp-content\/uploads\/2019\/04\/51500011_845299652528886_5363186474957144064_n.jpg\" alt=\"\" class=\"wp-image-1124\" srcset=\"https:\/\/aozora-kenbun.com\/wp-content\/uploads\/2019\/04\/51500011_845299652528886_5363186474957144064_n.jpg 960w, https:\/\/aozora-kenbun.com\/wp-content\/uploads\/2019\/04\/51500011_845299652528886_5363186474957144064_n-300x94.jpg 300w, https:\/\/aozora-kenbun.com\/wp-content\/uploads\/2019\/04\/51500011_845299652528886_5363186474957144064_n-768x240.jpg 768w\" sizes=\"(max-width: 709px) 85vw, (max-width: 909px) 67vw, (max-width: 1362px) 62vw, 840px\" \/><\/figure>\n\n\n\n<p><br><\/p>\n\n\n\n<p>Nous vous remercions de votre int\u00e9r\u00eat. Afin que nous puissions prendre en compte votre r\u00e9servation et vous envoyer un devis, veuillez  remplir le formulaire ci-dessous.<\/p>\n\n\n\n<p>Rappel des tours propos\u00e9s :<\/p>\n\n\n\n<hr class=\"wp-block-separator has-text-color has-background has-dark-gray-background-color has-dark-gray-color is-style-wide\"\/>\n\n\n\n<div class=\"wp-block-media-text alignwide is-stacked-on-mobile\" style=\"grid-template-columns:20% auto\"><figure class=\"wp-block-media-text__media\"><img loading=\"lazy\" decoding=\"async\" width=\"1024\" height=\"683\" src=\"http:\/\/aozora-kenbun.com\/wp-content\/uploads\/2019\/08\/taka-2-1024x683.jpg\" alt=\"\" class=\"wp-image-1672\" srcset=\"https:\/\/aozora-kenbun.com\/wp-content\/uploads\/2019\/08\/taka-2-1024x683.jpg 1024w, https:\/\/aozora-kenbun.com\/wp-content\/uploads\/2019\/08\/taka-2-300x200.jpg 300w, https:\/\/aozora-kenbun.com\/wp-content\/uploads\/2019\/08\/taka-2-768x512.jpg 768w, https:\/\/aozora-kenbun.com\/wp-content\/uploads\/2019\/08\/taka-2-1200x800.jpg 1200w, https:\/\/aozora-kenbun.com\/wp-content\/uploads\/2019\/08\/taka-2.jpg 1500w\" sizes=\"(max-width: 709px) 85vw, (max-width: 909px) 67vw, (max-width: 1362px) 62vw, 840px\" \/><\/figure><div class=\"wp-block-media-text__content\">\n<p><\/p>\n\n\n\n<p class=\"has-text-align-center\">Visite D\u2019Une Journ\u00e9e \u00c0 Takayama : Vieille Ville, Shodo, Th\u00e9, Et Bien Plus Encore!<br><strong>\u00c0 partir de 80\u20ac par personne<\/strong><\/p>\n\n\n\n<p><\/p>\n<\/div><\/div>\n\n\n\n<hr class=\"wp-block-separator has-text-color has-background has-dark-gray-background-color has-dark-gray-color is-style-wide\"\/>\n\n\n\n<div class=\"wp-block-media-text alignwide is-stacked-on-mobile\" style=\"grid-template-columns:20% auto\"><figure class=\"wp-block-media-text__media\"><img loading=\"lazy\" decoding=\"async\" width=\"600\" height=\"400\" src=\"http:\/\/aozora-kenbun.com\/wp-content\/uploads\/2019\/01\/article_art002650_2.jpg\" alt=\"\" class=\"wp-image-598\" srcset=\"https:\/\/aozora-kenbun.com\/wp-content\/uploads\/2019\/01\/article_art002650_2.jpg 600w, https:\/\/aozora-kenbun.com\/wp-content\/uploads\/2019\/01\/article_art002650_2-300x200.jpg 300w\" sizes=\"(max-width: 600px) 85vw, 600px\" \/><\/figure><div class=\"wp-block-media-text__content\">\n<p><\/p>\n\n\n\n<p class=\"has-text-align-center\">Un Jour \u00c0 La D\u00e9couverte Du Satoyama : Village De Shirakawa GO Inscrit Au Patrimoine Mondial De L\u2019UNESCO, Shodo, Th\u00e9 Et Bien Plus Encore!<br><strong>\u00c0 partir de 80\u20ac par personne<\/strong><\/p>\n\n\n\n<p><\/p>\n<\/div><\/div>\n\n\n\n<hr class=\"wp-block-separator has-text-color has-background has-dark-gray-background-color has-dark-gray-color is-style-wide\"\/>\n\n\n\n<div class=\"wp-block-media-text alignwide is-stacked-on-mobile\" style=\"grid-template-columns:20% auto\"><figure class=\"wp-block-media-text__media\"><img loading=\"lazy\" decoding=\"async\" width=\"1024\" height=\"768\" src=\"http:\/\/aozora-kenbun.com\/wp-content\/uploads\/2018\/09\/image-4-1024x768.png\" alt=\"\" class=\"wp-image-169\" srcset=\"https:\/\/aozora-kenbun.com\/wp-content\/uploads\/2018\/09\/image-4-1024x768.png 1024w, https:\/\/aozora-kenbun.com\/wp-content\/uploads\/2018\/09\/image-4-300x225.png 300w, https:\/\/aozora-kenbun.com\/wp-content\/uploads\/2018\/09\/image-4-768x576.png 768w, https:\/\/aozora-kenbun.com\/wp-content\/uploads\/2018\/09\/image-4.png 1080w\" sizes=\"(max-width: 709px) 85vw, (max-width: 909px) 67vw, (max-width: 1362px) 62vw, 840px\" \/><\/figure><div class=\"wp-block-media-text__content\">\n<p><\/p>\n\n\n\n<p class=\"has-text-align-center\">Tour D&#8217;Un Jour \u00c0 Higashi-Shirakawa : Riz, Th\u00e9, Shinto\u00efsme Et Cr\u00e9atures L\u00e9gendaires\u2026<br><strong>\u00c0 partir de 80\u20ac par personne<\/strong><\/p>\n\n\n\n<p><\/p>\n<\/div><\/div>\n\n\n\n<hr class=\"wp-block-separator has-text-color has-background has-dark-gray-background-color has-dark-gray-color is-style-wide\"\/>\n\n\n\n<div class=\"wp-block-media-text alignwide is-stacked-on-mobile\" style=\"grid-template-columns:20% auto\"><figure class=\"wp-block-media-text__media\"><img loading=\"lazy\" decoding=\"async\" width=\"1024\" height=\"717\" src=\"http:\/\/aozora-kenbun.com\/wp-content\/uploads\/2019\/04\/inuyama-castle-1-1024x717.jpg\" alt=\"\" class=\"wp-image-1026\" srcset=\"https:\/\/aozora-kenbun.com\/wp-content\/uploads\/2019\/04\/inuyama-castle-1-1024x717.jpg 1024w, https:\/\/aozora-kenbun.com\/wp-content\/uploads\/2019\/04\/inuyama-castle-1-300x210.jpg 300w, https:\/\/aozora-kenbun.com\/wp-content\/uploads\/2019\/04\/inuyama-castle-1-768x538.jpg 768w, https:\/\/aozora-kenbun.com\/wp-content\/uploads\/2019\/04\/inuyama-castle-1-1200x840.jpg 1200w, https:\/\/aozora-kenbun.com\/wp-content\/uploads\/2019\/04\/inuyama-castle-1.jpg 1280w\" sizes=\"(max-width: 709px) 85vw, (max-width: 909px) 67vw, (max-width: 1362px) 62vw, 840px\" \/><\/figure><div class=\"wp-block-media-text__content\">\n<p><\/p>\n\n\n\n<p class=\"has-text-align-center\">Retour Vers Le Pass\u00e9 : Tour De 3 Jours \u00c0 Travers Higashi-Shirakawa, Takayama Et Inuyama<br><strong>\u00c0 partir de <strong>700\u20ac<\/strong> par personne<\/strong><\/p>\n\n\n\n<p><\/p>\n<\/div><\/div>\n\n\n\n<hr class=\"wp-block-separator has-text-color has-background has-dark-gray-background-color has-dark-gray-color is-style-wide\"\/>\n\n\n\n<p><strong>B<strong>ien que le lieu de rendez-vous soit indiqu\u00e9 sur le programme, nous vous enverrons des informations d\u00e9taill\u00e9es sur comment nous contacter lorsque vous r\u00e9servez la visite.<\/strong><\/strong><\/p>\n\n\n<div role=\"form\" class=\"wpcf7\" id=\"wpcf7-f2795-o1\" lang=\"ja\" dir=\"ltr\">\n<div class=\"screen-reader-response\" role=\"alert\" aria-live=\"polite\"><\/div>\n<form action=\"\/en\/wp-json\/wp\/v2\/pages\/2217#wpcf7-f2795-o1\" method=\"post\" class=\"wpcf7-form init\" novalidate=\"novalidate\" data-trp-original-action=\"\/en\/wp-json\/wp\/v2\/pages\/2217#wpcf7-f2795-o1\">\n<div style=\"display: none;\">\n<input type=\"hidden\" name=\"_wpcf7\" value=\"2795\" \/>\n<input type=\"hidden\" name=\"_wpcf7_version\" value=\"5.2\" \/>\n<input type=\"hidden\" name=\"_wpcf7_locale\" value=\"ja\" \/>\n<input type=\"hidden\" name=\"_wpcf7_unit_tag\" value=\"wpcf7-f2795-o1\" \/>\n<input type=\"hidden\" name=\"_wpcf7_container_post\" value=\"0\" \/>\n<input type=\"hidden\" name=\"_wpcf7_posted_data_hash\" value=\"\" \/>\n<input type=\"hidden\" name=\"_wpcf7cf_hidden_group_fields\" value=\"\" \/>\n<input type=\"hidden\" name=\"_wpcf7cf_hidden_groups\" value=\"\" \/>\n<input type=\"hidden\" name=\"_wpcf7cf_visible_groups\" value=\"\" \/>\n<input type=\"hidden\" name=\"_wpcf7cf_repeaters\" value=\"[]\" \/>\n<input type=\"hidden\" name=\"_wpcf7cf_steps\" value=\"{}\" \/>\n<input type=\"hidden\" name=\"_wpcf7cf_options\" value=\"{&quot;form_id&quot;:2795,&quot;conditions&quot;:[{&quot;then_field&quot;:&quot;group-taka&quot;,&quot;and_rules&quot;:[{&quot;if_field&quot;:&quot;checkbox-tour&quot;,&quot;operator&quot;:&quot;equals&quot;,&quot;if_value&quot;:&quot;Visite D\\u2019Une Journ\\u00e9e \\u00c0 Takayama&quot;}]},{&quot;then_field&quot;:&quot;group-satoyama&quot;,&quot;and_rules&quot;:[{&quot;if_field&quot;:&quot;checkbox-tour&quot;,&quot;operator&quot;:&quot;equals&quot;,&quot;if_value&quot;:&quot;Un Jour \\u00c0 La D\\u00e9couverte Du Satoyama&quot;}]},{&quot;then_field&quot;:&quot;group-3Day&quot;,&quot;and_rules&quot;:[{&quot;if_field&quot;:&quot;checkbox-tour&quot;,&quot;operator&quot;:&quot;equals&quot;,&quot;if_value&quot;:&quot;Retour Vers Le Pass\\u00e9 : Tour de 3 Jours&quot;}]},{&quot;then_field&quot;:&quot;group-higa&quot;,&quot;and_rules&quot;:[{&quot;if_field&quot;:&quot;checkbox-tour&quot;,&quot;operator&quot;:&quot;equals&quot;,&quot;if_value&quot;:&quot;Tour D\\u2019Un Jour \\u00c0 Higashi-Shirakawa&quot;}]}],&quot;settings&quot;:{&quot;animation&quot;:&quot;yes&quot;,&quot;animation_intime&quot;:200,&quot;animation_outtime&quot;:200,&quot;conditions_ui&quot;:&quot;normal&quot;,&quot;notice_dismissed&quot;:false}}\" \/>\n<\/div>\n<p><!-- TO FUTURE PROGRAMMERS : you will find some code related to the forms under Appareance, Customize (additional CSS) --><\/p>\n<p class=\"has-text-align-center\" style=\"font-size:24px\"><strong>FORMULAIRE DE R\u00c9SERVATION<\/strong><\/p>\n<p>Les champs marqu\u00e9s par un ast\u00e9risque * sont obligatoires.<\/p>\n<p><!-- wp:columns --><\/p>\n<div class=\"wp-block-columns\" id=\"cust-div-remove-space-on-pc\"><!-- column --><\/p>\n<div class=\"wp-block-column\" id=\"cust-div-remove-space-on-mobile\" style=\"flex-basis:20%; margin-left:0px\"><!-- wp:paragraph --><br \/>\nCivilit\u00e9*<br \/>\n    <span class=\"wpcf7-form-control-wrap radio-title\"><span class=\"wpcf7-form-control wpcf7-radio\"><span class=\"wpcf7-list-item first\"><input type=\"radio\" name=\"radio-title\" value=\"M.\" checked=\"checked\" \/><span class=\"wpcf7-list-item-label\">M.<\/span><\/span><span class=\"wpcf7-list-item last\"><input type=\"radio\" name=\"radio-title\" value=\"Mme.\" \/><span class=\"wpcf7-list-item-label\">Mme.<\/span><\/span><\/span><\/span><br \/>\n<!-- \/wp:paragraph --><\/div>\n<p><!-- \/wp:column --><\/p>\n<p><!-- column --><\/p>\n<div class=\"wp-block-column\" style=\"flex-basis:40%; margin-left:0px;\"><!-- wp:paragraph --><br \/>\n<label for=\"cust-family-name-lab\"> Nom*<br \/>\n    <span class=\"wpcf7-form-control-wrap family-name\"><input type=\"text\" name=\"family-name\" value=\"\" size=\"40\" class=\"wpcf7-form-control wpcf7-text wpcf7-validates-as-required\" id=\"cust-family-name\" aria-required=\"true\" aria-invalid=\"false\" placeholder=\"ex. PETIT\" \/><\/span> <\/label><br \/>\n<!-- \/wp:paragraph --><\/div>\n<p><!-- \/wp:column --><\/p>\n<p><!-- column --><\/p>\n<div class=\"wp-block-column\" style=\"flex-basis:40%; margin-left:0px;\"><!-- wp:paragraph --><br \/>\n<label for=\"cust-first-name-lab\"> Pr\u00e9nom*<br \/>\n    <span class=\"wpcf7-form-control-wrap first-name\"><input type=\"text\" name=\"first-name\" value=\"\" size=\"40\" class=\"wpcf7-form-control wpcf7-text wpcf7-validates-as-required\" id=\"cust-first-name\" aria-required=\"true\" aria-invalid=\"false\" placeholder=\"ex. Emma\" \/><\/span> <\/label><br \/>\n<!-- \/wp:paragraph --><\/div>\n<p><!-- \/wp:column --><\/div>\n<p><!-- \/wp:columns --><\/p>\n<p><label> Adresse mail*<br \/>\n    <span class=\"wpcf7-form-control-wrap your-email\"><input type=\"email\" name=\"your-email\" value=\"\" size=\"40\" class=\"wpcf7-form-control wpcf7-text wpcf7-email wpcf7-validates-as-required wpcf7-validates-as-email\" aria-required=\"true\" aria-invalid=\"false\" placeholder=\"ex. emma.petit@exemple.com\" \/><\/span> <\/label><\/p>\n<p><label> Nombre de participants (incluant la personne effectuant la r\u00e9servation)*<br \/>\n    <span class=\"wpcf7-form-control-wrap number-participants\"><input type=\"number\" name=\"number-participants\" value=\"\" class=\"wpcf7-form-control wpcf7-number wpcf7-validates-as-required wpcf7-validates-as-number\" min=\"1\" max=\"15\" aria-required=\"true\" aria-invalid=\"false\" placeholder=\"ex. 8\" \/><\/span> <\/label><\/p>\n<p>A quel(s) tour(s) souhaitez-vous participer?*<br \/>\n    <span class=\"wpcf7-form-control-wrap checkbox-tour\"><span class=\"wpcf7-form-control wpcf7-checkbox wpcf7-validates-as-required\"><span class=\"wpcf7-list-item first\"><input type=\"checkbox\" name=\"checkbox-tour[]\" value=\"Visite D\u2019Une Journ\u00e9e \u00c0 Takayama\" \/><span class=\"wpcf7-list-item-label\">Visite D\u2019Une Journ\u00e9e \u00c0 Takayama<\/span><\/span><span class=\"wpcf7-list-item\"><input type=\"checkbox\" name=\"checkbox-tour[]\" value=\"Un Jour \u00c0 La D\u00e9couverte Du Satoyama\" \/><span class=\"wpcf7-list-item-label\">Un Jour \u00c0 La D\u00e9couverte Du Satoyama<\/span><\/span><span class=\"wpcf7-list-item\"><input type=\"checkbox\" name=\"checkbox-tour[]\" value=\"Tour D\u2019Un Jour \u00c0 Higashi-Shirakawa\" \/><span class=\"wpcf7-list-item-label\">Tour D\u2019Un Jour \u00c0 Higashi-Shirakawa<\/span><\/span><span class=\"wpcf7-list-item last\"><input type=\"checkbox\" name=\"checkbox-tour[]\" value=\"Retour Vers Le Pass\u00e9 : Tour de 3 Jours\" \/><span class=\"wpcf7-list-item-label\">Retour Vers Le Pass\u00e9 : Tour de 3 Jours<\/span><\/span><\/span><\/span><\/p>\n<div data-id=\"group-taka\" data-orig_data_id=\"group-taka\"  data-class=\"wpcf7cf_group\">\n<p>Quand souhaitez-vous participer \u00e0 la Visite D\u2019Une Journ\u00e9e \u00c0 Takayama?<br \/>\n<br><\/p>\n<div class=\"wp-block-columns\" id=\"cust-div-remove-space-on-pc\">\n<p><!-- column --><\/p>\n<div class=\"wp-block-column\" style=\"flex-basis:30%; margin-top:-25px; margin-left:0px;\">\n    <span class=\"wpcf7-form-control-wrap radio-taka-flex\"><span class=\"wpcf7-form-control wpcf7-radio\"><span class=\"wpcf7-list-item first\"><input type=\"radio\" name=\"radio-taka-flex\" value=\"Flexible\" checked=\"checked\" \/><span class=\"wpcf7-list-item-label\">Flexible<\/span><\/span><span class=\"wpcf7-list-item last\"><input type=\"radio\" name=\"radio-taka-flex\" value=\"Non flexible\" \/><span class=\"wpcf7-list-item-label\">Non flexible<\/span><\/span><\/span><\/span>\n<\/div>\n<p><br><br \/>\n<!-- column --><\/p>\n<div class=\"wp-block-column\" style=\"flex-basis:70%; margin-top:-20px; margin-left:0px;\">\n    <span class=\"wpcf7-form-control-wrap date-takatour\"><input type=\"date\" name=\"date-takatour\" value=\"\" class=\"wpcf7-form-control wpcf7-date wpcf7-validates-as-date\" min=\"2020-07-08\" max=\"2050-01-01\" aria-invalid=\"false\" placeholder=\"ex. 31\/07\/2020\" \/><\/span>\n<\/div>\n<\/div>\n<\/div>\n<div data-id=\"group-satoyama\" data-orig_data_id=\"group-satoyama\"  data-class=\"wpcf7cf_group\">\n<p>Quand souhaitez-vous participer au tour Un Jour \u00c0 La D\u00e9couverte Du Satoyama?<br \/>\n<br><\/p>\n<div class=\"wp-block-columns\" id=\"cust-div-remove-space-on-pc\">\n<p><!-- column --><\/p>\n<div class=\"wp-block-column\" style=\"flex-basis:30%; margin-top:-25px; margin-left:0px;\">\n   <span class=\"wpcf7-form-control-wrap radio-sato-flex\"><span class=\"wpcf7-form-control wpcf7-radio\"><span class=\"wpcf7-list-item first\"><input type=\"radio\" name=\"radio-sato-flex\" value=\"Flexible\" checked=\"checked\" \/><span class=\"wpcf7-list-item-label\">Flexible<\/span><\/span><span class=\"wpcf7-list-item last\"><input type=\"radio\" name=\"radio-sato-flex\" value=\"Non flexible\" \/><span class=\"wpcf7-list-item-label\">Non flexible<\/span><\/span><\/span><\/span>\n<\/div>\n<p><br><br \/>\n<!-- column --><\/p>\n<div class=\"wp-block-column\" style=\"flex-basis:70%; margin-top:-20px; margin-left:0px;\">\n    <span class=\"wpcf7-form-control-wrap date-satoyama-tour\"><input type=\"date\" name=\"date-satoyama-tour\" value=\"\" class=\"wpcf7-form-control wpcf7-date wpcf7-validates-as-date\" min=\"2020-07-08\" max=\"2050-01-01\" aria-invalid=\"false\" placeholder=\"ex. 31\/07\/2020\" \/><\/span>\n<\/div>\n<\/div>\n<\/div>\n<div data-id=\"group-higa\" data-orig_data_id=\"group-higa\"  data-class=\"wpcf7cf_group\">\n<p>Quand souhaitez-vous participer au Tour D\u2019Un Jour \u00c0 Higashi-Shirakawa?<br \/>\n<br><\/p>\n<div class=\"wp-block-columns\" id=\"cust-div-remove-space-on-pc\">\n<p><!-- column --><\/p>\n<div class=\"wp-block-column\" style=\"flex-basis:30%; margin-top:-25px; margin-left:0px;\">\n    <span class=\"wpcf7-form-control-wrap radio-higa-flex\"><span class=\"wpcf7-form-control wpcf7-radio\"><span class=\"wpcf7-list-item first\"><input type=\"radio\" name=\"radio-higa-flex\" value=\"Flexible\" checked=\"checked\" \/><span class=\"wpcf7-list-item-label\">Flexible<\/span><\/span><span class=\"wpcf7-list-item last\"><input type=\"radio\" name=\"radio-higa-flex\" value=\"Non flexible\" \/><span class=\"wpcf7-list-item-label\">Non flexible<\/span><\/span><\/span><\/span>\n<\/div>\n<p><br><br \/>\n<!-- column --><\/p>\n<div class=\"wp-block-column\" style=\"flex-basis:70%; margin-top:-20px; margin-left:0px;\">\n    <span class=\"wpcf7-form-control-wrap date-higatour\"><input type=\"date\" name=\"date-higatour\" value=\"\" class=\"wpcf7-form-control wpcf7-date wpcf7-validates-as-date\" min=\"2020-07-08\" max=\"2050-01-01\" aria-invalid=\"false\" placeholder=\"ex. 31\/07\/2020\" \/><\/span>\n<\/div>\n<\/div>\n<\/div>\n<div data-id=\"group-3Day\" data-orig_data_id=\"group-3Day\"  data-class=\"wpcf7cf_group\">\n<p>Quand souhaitez-vous participer au tour Retour Vers Le Pass\u00e9 : Tour de 3 Jours?<br \/>\n<br><\/p>\n<div class=\"wp-block-columns\" id=\"cust-div-remove-space-on-pc\">\n<p><!-- column --><\/p>\n<div class=\"wp-block-column\" style=\"flex-basis:30%; margin-top:-25px; margin-left:0px;\">\n    <span class=\"wpcf7-form-control-wrap radio-3Day-flex\"><span class=\"wpcf7-form-control wpcf7-radio\"><span class=\"wpcf7-list-item first\"><input type=\"radio\" name=\"radio-3Day-flex\" value=\"Flexible\" checked=\"checked\" \/><span class=\"wpcf7-list-item-label\">Flexible<\/span><\/span><span class=\"wpcf7-list-item last\"><input type=\"radio\" name=\"radio-3Day-flex\" value=\"Non flexible\" \/><span class=\"wpcf7-list-item-label\">Non flexible<\/span><\/span><\/span><\/span>\n<\/div>\n<p><br><br \/>\n<!-- column --><\/p>\n<div class=\"wp-block-column\" style=\"flex-basis:70%; margin-top:-20px; margin-left:0px;\">\n    <span class=\"wpcf7-form-control-wrap date-3Daytour\"><input type=\"date\" name=\"date-3Daytour\" value=\"\" class=\"wpcf7-form-control wpcf7-date wpcf7-validates-as-date\" min=\"2020-07-08\" max=\"2050-01-01\" aria-invalid=\"false\" placeholder=\"ex. 31\/07\/2020\" \/><\/span>\n<\/div>\n<\/div>\n<\/div>\n<p><label> Demandes sp\u00e9ciales\/Questions<br \/>\n    <span class=\"wpcf7-form-control-wrap textarea-message\"><textarea name=\"textarea-message\" cols=\"40\" rows=\"10\" class=\"wpcf7-form-control wpcf7-textarea\" aria-invalid=\"false\" placeholder=\"ex. R\u00e9gimes alimentaires...\"><\/textarea><\/span> <\/label><\/p>\n<p><label> Anti-spam*<br \/>\n    <span class=\"wpcf7-form-control-wrap random-capital-quiz\"><label><span class=\"wpcf7-quiz-label\">Quelle est la capitale de la France?<\/span> <input type=\"text\" name=\"random-capital-quiz\" size=\"40\" class=\"wpcf7-form-control wpcf7-quiz\" autocomplete=\"off\" aria-required=\"true\" aria-invalid=\"false\" \/><\/label><input type=\"hidden\" name=\"_wpcf7_quiz_answer_random-capital-quiz\" value=\"c386a3522d2273530d67549a42a2a955\" \/><\/span><\/p>\n<p><label> Politique de confidentialit\u00e9<br \/>\n        En soumettant ce formulaire, j\u2019accepte que mes donn\u00e9es personnelles soient gard\u00e9es et trait\u00e9es par Aozora Kenbun Juku, Satoyama Tour, dans le cadre du Satoyama Tour.*<br \/>\n<span class=\"wpcf7-form-control-wrap accept-this-1\"><span class=\"wpcf7-form-control wpcf7-acceptance\"><span class=\"wpcf7-list-item\"><label><input type=\"checkbox\" name=\"accept-this-1\" value=\"1\" aria-invalid=\"false\" \/><span class=\"wpcf7-list-item-label\">Cochez cette case si vous acceptez.<\/span><\/label><\/span><\/span><\/span><\/p>\n<p>Le tour ne sera confirm\u00e9 que si le quota minimum de 8 personnes est atteint.<br \/>\nAucun paiement ne vous sera demand\u00e9 avant que ce dernier ne soit atteint.*<br \/>\n<span class=\"wpcf7-form-control-wrap accept-this-1\"><span class=\"wpcf7-form-control wpcf7-acceptance\"><span class=\"wpcf7-list-item\"><label><input type=\"checkbox\" name=\"accept-this-1\" value=\"1\" aria-invalid=\"false\" \/><span class=\"wpcf7-list-item-label\">Cochez cette case si vous acceptez.<\/span><\/label><\/span><\/span><\/span><\/p>\n<p><input type=\"submit\" value=\"Envoyer\" class=\"wpcf7-form-control wpcf7-submit\" \/><\/p>\n<div class=\"wpcf7-response-output\" role=\"alert\" aria-hidden=\"true\"><\/div><input type=\"hidden\" name=\"trp-form-language\" value=\"en\"\/><\/form><\/div>\n\n\n\n<p> <\/p>\n\n\n<p><img decoding=\"async\" src=\"http:\/\/aozora-kenbun.com\/wp-content\/uploads\/2019\/04\/taka-1-1-1024x683.jpg\" alt=\"Cette image a un attribut alt vide&nbsp;; le nom du fichier est taka-1-1-1024x683.jpg\"><\/p>\n\n\n<p><\/p>","protected":false},"excerpt":{"rendered":"<p>Nous vous remercions de votre int\u00e9r\u00eat. Afin que nous pu &hellip; <a href=\"https:\/\/aozora-kenbun.com\/en\/formulaire-de-reservation\/\" class=\"more-link\">Continue reading<span class=\"screen-reader-text\"> &#8220;Satoyama Route : Formulaire de r\u00e9servation&#8221;<\/span><\/a><\/p>","protected":false},"author":1,"featured_media":0,"parent":0,"menu_order":0,"comment_status":"closed","ping_status":"closed","template":"","meta":{"footnotes":""},"folder":[49],"_links":{"self":[{"href":"https:\/\/aozora-kenbun.com\/en\/wp-json\/wp\/v2\/pages\/2217"}],"collection":[{"href":"https:\/\/aozora-kenbun.com\/en\/wp-json\/wp\/v2\/pages"}],"about":[{"href":"https:\/\/aozora-kenbun.com\/en\/wp-json\/wp\/v2\/types\/page"}],"author":[{"embeddable":true,"href":"https:\/\/aozora-kenbun.com\/en\/wp-json\/wp\/v2\/users\/1"}],"replies":[{"embeddable":true,"href":"https:\/\/aozora-kenbun.com\/en\/wp-json\/wp\/v2\/comments?post=2217"}],"version-history":[{"count":8,"href":"https:\/\/aozora-kenbun.com\/en\/wp-json\/wp\/v2\/pages\/2217\/revisions"}],"predecessor-version":[{"id":3029,"href":"https:\/\/aozora-kenbun.com\/en\/wp-json\/wp\/v2\/pages\/2217\/revisions\/3029"}],"wp:attachment":[{"href":"https:\/\/aozora-kenbun.com\/en\/wp-json\/wp\/v2\/media?parent=2217"}],"wp:term":[{"taxonomy":"folder","embeddable":true,"href":"https:\/\/aozora-kenbun.com\/en\/wp-json\/wp\/v2\/folder?post=2217"}],"curies":[{"name":"wp","href":"https:\/\/api.w.org\/{rel}","templated":true}]}}